{"id":1045,"date":"2025-03-04T17:51:15","date_gmt":"2025-03-04T17:51:15","guid":{"rendered":"https:\/\/www.meet-tap.com?page_id=1045"},"modified":"2025-03-06T14:36:24","modified_gmt":"2025-03-06T14:36:24","slug":"politica-cookies","status":"publish","type":"page","link":"https:\/\/www.meet-tap.com\/en\/politica-cookies\/","title":{"rendered":"POL\u00cdTICA DE COOKIES"},"content":{"rendered":"<p>Tecnolog\u00edas Plexus, S.L utiliza cookies con la finalidad de prestarle una mejor experiencia en su navegaci\u00f3n. Asimismo, en caso de que preste su consentimiento, utilizaremos cookies que nos permitan obtener m\u00e1s informaci\u00f3n acerca de sus preferencias y personalizar nuestro Sitio Web de conformidad con sus intereses individuales, para que tenga una navegaci\u00f3n m\u00e1s fluida y personalizada.<\/p>\n\n\n\n<p>Desde Tecnolog\u00edas Plexus, S.L queremos informarle de manera clara y precisa sobre las cookies que utilizamos en nuestro sitio web. En caso de que quiera obtener m\u00e1s informaci\u00f3n sobre el uso y la finalidad que hacemos de las cookies implementadas en nuestro sitio web, puede escribir un correo electr\u00f3nico a <a href=\"mailto:rgpd@plexus.es\">rgpd@plexus.es<\/a><\/p>\n\n\n\n<h2><span class=\"has-inline-color has-black-color\">\u00bfQU\u00c9 ES UNA COOKIE?<\/span><\/h2>\n\n\n\n<p>Una cookie es un peque\u00f1o archivo que se descarga en el ordenador, tablet o smartphone del usuario, con la finalidad de almacenar datos e informaci\u00f3n que podr\u00e1n ser actualizados y recuperados por la entidad responsable de su instalaci\u00f3n.<\/p>\n\n\n\n<p>La informaci\u00f3n recabada a trav\u00e9s de las cookies puede incluir la fecha y hora de visitas al sitio web, las distintas pesta\u00f1as que usted ha visionado o el tiempo que ha permanecido en el mismo.<\/p>\n\n\n\n<p>Las cookies de este sitio web no almacenan informaci\u00f3n confidencial como su nombre, direcci\u00f3n, etc., no obstante, si desea restringir, bloquear o eliminar las cookies de este sitio web o de cualquier otro, puede configurar su navegador para rechazar o aceptar las mismas o para que estas \u00e9stas sean eliminadas de forma autom\u00e1tica una vez cierre el navegador o apague el ordenador o dispositivo m\u00f3vil.<\/p>\n\n\n\n<h2>\u00bfQU\u00c9 TIPOS DE COOKIES UTILIZA HTTPS:\/\/WWW.MEET-TAP.COM\/ ?<\/h2>\n\n\n\n<p>Seg\u00fan el plazo de tiempo que permanecen activas las cookies pueden ser:<\/p>\n\n\n\n<ul><li>Cookies de sesi\u00f3n: dise\u00f1adas para recabar y almacenar datos mientras el usuario accede a una p\u00e1gina web. Se suelen emplear para almacenar informaci\u00f3n que s\u00f3lo interesa conservar para la prestaci\u00f3n del servicio solicitado por el usuario en una sola ocasi\u00f3n (por ejemplo, una lista de productos adquiridos).<\/li><li>Cookies persistentes: Son un tipo de cookies por las que los datos siguen almacenados en el terminal y puede accederse a ellos y ser tratados durante un periodo definido. Tienen fecha de borrado. Se utilizan por ejemplo en el proceso de compra o registro para evitar tener que introducir nuestros datos constantemente.<\/li><li>Seg\u00fan quien sea la entidad que gestione el equipo o dominio desde donde se env\u00edan las cookies y trate los datos que se obtengan, podemos distinguir:<\/li><li>Cookies propias: Son aquellas que se env\u00edan al dispositivo del usuario gestionadas exclusivamente por nosotros.<\/li><li>Cookies de terceros: Son aquellas que se env\u00edan al dispositivo del usuario desde un equipo o dominio que no es gestionado por nosotros sino por otra entidad, que tratar\u00e1 los datos obtenidos.<\/li><\/ul>\n\n\n\n<p>Cuando navegue por https:\/<a href=\"https:\/\/www.meet-tap.com\/en\/\">\/www.meet-tap.com\/<\/a> se pueden instalar en tu dispositivo las siguientes cookies:<\/p>\n\n\n\n<p>Seg\u00fan la finalidad para las que se traten los datos obtenidos a trav\u00e9s de ellas, las cookies pueden ser:<\/p>\n\n\n\n<figure class=\"wp-block-table is-style-stripes\"><table><tbody><tr><td>&nbsp; <strong>Name<\/strong><\/td><td>&nbsp; <strong>Descripci\u00f3n<\/strong><strong><\/strong><\/td><td>&nbsp; <strong>Finalidad<\/strong><strong><\/strong><\/td><\/tr><tr><td>&nbsp; <strong>Tipo 1<\/strong><strong><\/strong><\/td><td>&nbsp; &nbsp; &nbsp; &nbsp; Cookies t\u00e9cnicas<\/td><td>Permiten al usuario la navegaci\u00f3n a trav\u00e9s de una p\u00e1gina web, plataforma o aplicaci\u00f3n y la utilizaci\u00f3n de las diferentes opciones o servicios que en ella existan, incluyendo aquellas que el editor utiliza para permitir la gesti\u00f3n y operativa de la p\u00e1gina web y habilitar sus funciones y servicios, como, por ejemplo, controlar el tr\u00e1fico y la comunicaci\u00f3n de datos, identificar la sesi\u00f3n acceder a partes de acceso restringido, entre otras funcionalidades<\/td><\/tr><tr><td>&nbsp; <strong>Tipo 2<\/strong><strong><\/strong><\/td><td>&nbsp; &nbsp; &nbsp; Cookies&nbsp;&nbsp;&nbsp;&nbsp;&nbsp;&nbsp;&nbsp;&nbsp;&nbsp;&nbsp;&nbsp;&nbsp;&nbsp;&nbsp; de preferencia&nbsp;&nbsp;&nbsp;&nbsp;&nbsp;&nbsp;&nbsp;&nbsp;&nbsp;&nbsp;&nbsp;&nbsp;&nbsp;&nbsp;&nbsp;&nbsp;&nbsp;&nbsp;&nbsp;&nbsp;&nbsp;&nbsp;&nbsp;&nbsp;&nbsp;&nbsp;&nbsp;&nbsp;&nbsp;&nbsp;&nbsp;&nbsp;&nbsp;&nbsp;&nbsp; o personalizaci\u00f3n<\/td><td>Permiten recordar informaci\u00f3n para que el usuario acceda al servicio con determinadas caracter\u00edsticas que pueden diferenciar su experiencia de la de otros usuarios, como, por ejemplo, el idioma, el n\u00famero de resultados a mostrar cuando el usuario realiza una b\u00fasqueda, el aspecto o contenido del servicio en funci\u00f3n del tipo de navegador a trav\u00e9s del cual el usuario accede al servicio o de la regi\u00f3n desde la que accede al servicio, etc.<\/td><\/tr><tr><td>&nbsp; <strong>Tipo 3<\/strong><strong><\/strong><\/td><td>&nbsp; &nbsp; &nbsp; &nbsp; Cookies&nbsp;&nbsp;&nbsp;&nbsp;&nbsp;&nbsp;&nbsp;&nbsp;&nbsp;&nbsp;&nbsp;&nbsp;&nbsp;&nbsp; de an\u00e1lisis&nbsp;&nbsp;&nbsp;&nbsp;&nbsp;&nbsp;&nbsp;&nbsp;&nbsp;&nbsp;&nbsp;&nbsp;&nbsp;&nbsp;&nbsp;&nbsp;&nbsp;&nbsp;&nbsp; o medici\u00f3n<\/td><td>Son aquellas que permiten al responsable de las mismas el seguimiento y an\u00e1lisis del comportamiento de los usuarios de los sitios web a los que est\u00e1n vinculadas, incluida la cuantificaci\u00f3n de los impactos de los anuncios. La informaci\u00f3n recogida mediante este tipo de cookies se utiliza en la medici\u00f3n de la actividad de los sitios web, aplicaci\u00f3n o plataforma, con el fin de introducir mejoras en funci\u00f3n del an\u00e1lisis de los datos de uso que hacen los usuarios del servicio.<\/td><\/tr><tr><td>&nbsp; <strong>Tipo 4<\/strong><strong><\/strong><\/td><td>&nbsp; &nbsp; Cookies&nbsp;&nbsp;&nbsp;&nbsp;&nbsp;&nbsp;&nbsp;&nbsp;&nbsp;&nbsp;&nbsp;&nbsp;&nbsp;&nbsp;&nbsp;&nbsp;&nbsp;&nbsp;&nbsp;&nbsp;&nbsp;&nbsp;&nbsp;&nbsp;&nbsp;&nbsp;&nbsp;&nbsp;&nbsp;&nbsp;&nbsp;&nbsp;&nbsp; de publicidad comportamental<\/td><td>Son aquellas que almacenan informaci\u00f3n del comportamiento de los usuarios obtenida a trav\u00e9s de la observaci\u00f3n continuada de sus h\u00e1bitos de navegaci\u00f3n, lo que permite desarrollar un perfil espec\u00edfico para mostrar publicidad en funci\u00f3n del mismo.<\/td><\/tr><\/tbody><\/table><\/figure>\n\n\n\n<h2>REDES SOCIALES<\/h2>\n\n\n\n<p>Si comparte contenido de este sitio web mediante redes sociales como Facebook y X, es posible que reciba cookies de dichos sitios web. Los ajustes de las cookies de terceros no est\u00e1n bajo el control dPLEXUS de la Web, por lo que le sugerimos que compruebe los sitios web de terceros para obtener m\u00e1s informaci\u00f3n sobre sus cookies y c\u00f3mo gestionarlas.<\/p>\n\n\n\n<h2>\u00bfC\u00d3MO PUEDO CONFIGURAR O DESHABILITAR LAS COOKIES QUE UTILIZA ESTE SITIO WEB?<\/h2>\n\n\n\n<p>Para restringir o bloquear las cookies, usted deber\u00e1 modificar la configuraci\u00f3n del navegador que utilice en su equipo. Con car\u00e1cter general los navegadores ofrecen las siguientes opciones de configuraci\u00f3n en relaci\u00f3n a la instalaci\u00f3n de cookies:<\/p>\n\n\n\n<ul><li>Internet Explorer: <a href=\"http:\/\/windows.microsoft.com\/is-IS\/windows7\/How-to-manage-cookies-in-Internet-\">http:\/\/windows.microsoft.com\/is-IS\/windows7\/How-to-manage-cookies-in-Internet-<\/a> Explorer-9<\/li><li>Firefox: <a href=\"http:\/\/support.mozilla.org\/en-US\/kb\/Cookies\">http:\/\/support.mozilla.org\/en-US\/kb\/Cookies<\/a><\/li><li>Chrome: <a href=\"http:\/\/support.google.com\/chrome\/bin\/answer.py?hl=en&amp;answer=95647\">http:\/\/support.google.com\/chrome\/bin\/answer.py?hl=en&amp;answer=95647<\/a><\/li><li>Safari: <a href=\"http:\/\/support.apple.com\/kb\/PH5042\">http:\/\/support.apple.com\/kb\/PH5042<\/a> (y para iOS &#8211; <a href=\"http:\/\/support.apple.com\/kb\/HT1677)\">http:\/\/support.apple.com\/kb\/HT1677)<\/a><\/li><\/ul>\n\n\n\n<p>Si se impide la instalaci\u00f3n de todas las cookies de la p\u00e1gina web, algunas funcionalidades de la misma, as\u00ed como algunos contenidos pueden verse afectados.<\/p>\n\n\n\n<p><\/p>","protected":false},"excerpt":{"rendered":"<p>Tecnolog\u00edas Plexus, S.L utiliza cookies con la finalidad de prestarle una mejor experiencia en su navegaci\u00f3n. Asimismo, en caso de que preste su consentimiento, utilizaremos cookies que nos permitan obtener m\u00e1s informaci\u00f3n acerca de sus preferencias y personalizar nuestro Sitio Web de conformidad con sus intereses individuales, para que tenga una navegaci\u00f3n m\u00e1s fluida y&#8230;<\/p>","protected":false},"author":223,"featured_media":0,"parent":0,"menu_order":0,"comment_status":"closed","ping_status":"closed","template":"","meta":[],"_links":{"self":[{"href":"https:\/\/www.meet-tap.com\/en\/wp-json\/wp\/v2\/pages\/1045"}],"collection":[{"href":"https:\/\/www.meet-tap.com\/en\/wp-json\/wp\/v2\/pages"}],"about":[{"href":"https:\/\/www.meet-tap.com\/en\/wp-json\/wp\/v2\/types\/page"}],"author":[{"embeddable":true,"href":"https:\/\/www.meet-tap.com\/en\/wp-json\/wp\/v2\/users\/223"}],"replies":[{"embeddable":true,"href":"https:\/\/www.meet-tap.com\/en\/wp-json\/wp\/v2\/comments?post=1045"}],"version-history":[{"count":6,"href":"https:\/\/www.meet-tap.com\/en\/wp-json\/wp\/v2\/pages\/1045\/revisions"}],"predecessor-version":[{"id":1290,"href":"https:\/\/www.meet-tap.com\/en\/wp-json\/wp\/v2\/pages\/1045\/revisions\/1290"}],"wp:attachment":[{"href":"https:\/\/www.meet-tap.com\/en\/wp-json\/wp\/v2\/media?parent=1045"}],"curies":[{"name":"wp","href":"https:\/\/api.w.org\/{rel}","templated":true}]}}