{"id":67,"date":"2021-02-21T21:49:57","date_gmt":"2021-02-21T21:49:57","guid":{"rendered":"https:\/\/salas.es\/?post_type=product&#038;p=67"},"modified":"2021-05-10T10:06:01","modified_gmt":"2021-05-10T10:06:01","slug":"suscripcion-mensual-salas","status":"publish","type":"product","link":"https:\/\/www.meet-tap.com\/en\/product\/suscripcion-mensual-salas\/","title":{"rendered":"Rooms"},"content":{"rendered":"<p class=\" translation-block\">Hire the <strong>number of workspaces<\/strong> you need to manage (meeting rooms, corporate spaces, etc.)<\/p>\n<p><\/p>\n<p><strong>It includes:<\/strong><\/p>\n<p><\/p>\n<ul>\n<li>Administrator panel for user registration and deregistration<\/li>\n<li>Unlimited creation of users for each contracted post<\/li>\n<li>Creation of office structure and areas where posts are located including mapping option<\/li>\n<li>Booking calendar <\/li>\n<li>Option to reserve space from map<\/li>\n<\/ul>","protected":false},"excerpt":{"rendered":"<p>Contrata el n\u00famero de espacios de trabajo que necesites gestionar (salas de reuniones, espacios corporativos, etc.) Incluye: Panel de administrador para altas y bajas de usuarios Creaci\u00f3n ilimitada de usuarios para cada puesto contratado Creaci\u00f3n de estructura de oficinas y \u00e1reas donde se ubican los puestos incluyendo la opci\u00f3n de mapeado Calendario de reserva Opci\u00f3n&#8230;<\/p>","protected":false},"featured_media":16,"template":"","meta":[],"bundle_layout":"","bundle_add_to_cart_form_location":"","bundle_editable_in_cart":false,"bundle_sold_individually_context":"","bundle_item_grouping":"","bundle_min_size":"","bundle_max_size":"","bundled_by":[],"bundled_items":[],"_links":{"self":[{"href":"https:\/\/www.meet-tap.com\/en\/wp-json\/wp\/v2\/product\/67"}],"collection":[{"href":"https:\/\/www.meet-tap.com\/en\/wp-json\/wp\/v2\/product"}],"about":[{"href":"https:\/\/www.meet-tap.com\/en\/wp-json\/wp\/v2\/types\/product"}],"wp:featuredmedia":[{"embeddable":true,"href":"https:\/\/www.meet-tap.com\/en\/wp-json\/wp\/v2\/media\/16"}],"wp:attachment":[{"href":"https:\/\/www.meet-tap.com\/en\/wp-json\/wp\/v2\/media?parent=67"}],"curies":[{"name":"wp","href":"https:\/\/api.w.org\/{rel}","templated":true}]}}